{"id":3521,"date":"2026-02-16T15:45:28","date_gmt":"2026-02-16T14:45:28","guid":{"rendered":"https:\/\/led.digicube.dev\/educational-work-in-schools\/"},"modified":"2026-04-03T09:49:21","modified_gmt":"2026-04-03T07:49:21","slug":"educational-work-in-schools","status":"publish","type":"page","link":"https:\/\/led.li\/en\/commitment-in-liechtenstein-2\/educational-work-in-schools\/","title":{"rendered":"Educational work in schools"},"content":{"rendered":"\n<div class=\"dc__hero_inner spacing__125\" data-aos=\"fade-up\" data-aos-duration=\"800\">\n<div class=\"gb-element-a6635abd\">\n<div class=\"gb-element-1e398e0b\">\n<h1 class=\"gb-text headline_inner gb-text-11f58dae\">Educational work in schools<\/h1>\n\n\n\n<p class=\"gb-text size_20\">The LED is also involved in educational work in Liechtenstein. Employees regularly visit secondary schools and give young people in Liechtenstein an insight into specific international development cooperation projects. <\/p>\n\n\n\n<p>The aim is not only to show how projects are created and implemented, but also to raise young people&#8217;s awareness of global connections, social inequality and sustainable development.<\/p>\n\n\n\n<p>Teachers who are interested in a school visit or a presentation are welcome to contact <a href=\"patrik.ausderau@led.li\">Patrik Aus der Au<\/a>.<\/p>\n<\/div>\n\n\n\n<div class=\"gb-element-0cc8bbe0\">\n<img loading=\"lazy\" decoding=\"async\" width=\"2016\" height=\"1512\" class=\"gb-media-d0771c0b\" alt=\"Referent erkl\u00e4rt Entwicklungshilfe vor Projektionswand im Seminarraum\" title=\"Education_Schools\" src=\"https:\/\/led.li\/wp-content\/uploads\/2026\/03\/Bildungsarbeit_Schulen.jpg\" srcset=\"https:\/\/led.li\/wp-content\/uploads\/2026\/03\/Bildungsarbeit_Schulen.jpg 2016w, https:\/\/led.li\/wp-content\/uploads\/2026\/03\/Bildungsarbeit_Schulen-300x225.jpg 300w, https:\/\/led.li\/wp-content\/uploads\/2026\/03\/Bildungsarbeit_Schulen-1024x768.jpg 1024w, https:\/\/led.li\/wp-content\/uploads\/2026\/03\/Bildungsarbeit_Schulen-768x576.jpg 768w, https:\/\/led.li\/wp-content\/uploads\/2026\/03\/Bildungsarbeit_Schulen-1536x1152.jpg 1536w\" sizes=\"auto, (max-width: 2016px) 100vw, 2016px\" \/>\n\n\n\n<img loading=\"lazy\" decoding=\"async\" width=\"2560\" height=\"1698\" class=\"gb-media-47c0083b\" alt=\"Dozentin pr\u00e4sentiert vor Studierenden \u00fcber Ern\u00e4hrungssicherheit im Klassenzimmer\" title=\"Education_Schools Picture 2\" src=\"https:\/\/led.li\/wp-content\/uploads\/2026\/03\/Bildungsarbeit_Schulen-Bild-2-scaled.jpg\" srcset=\"https:\/\/led.li\/wp-content\/uploads\/2026\/03\/Bildungsarbeit_Schulen-Bild-2-scaled.jpg 2560w, https:\/\/led.li\/wp-content\/uploads\/2026\/03\/Bildungsarbeit_Schulen-Bild-2-300x199.jpg 300w, https:\/\/led.li\/wp-content\/uploads\/2026\/03\/Bildungsarbeit_Schulen-Bild-2-1024x679.jpg 1024w, https:\/\/led.li\/wp-content\/uploads\/2026\/03\/Bildungsarbeit_Schulen-Bild-2-768x509.jpg 768w, https:\/\/led.li\/wp-content\/uploads\/2026\/03\/Bildungsarbeit_Schulen-Bild-2-1536x1019.jpg 1536w, https:\/\/led.li\/wp-content\/uploads\/2026\/03\/Bildungsarbeit_Schulen-Bild-2-2048x1358.jpg 2048w\" sizes=\"auto, (max-width: 2560px) 100vw, 2560px\" \/>\n<\/div>\n<\/div>\n<\/div>\n\n<div class=\"dc__onecolumntextblock spacing__100\">\n<h2 class=\"gb-text headline_inner gb-text-99ca272d\">Contact person<\/h2>\n\n\n<section id=\"digicube-block-69b3c07547de2\"     class=\"team-section\">\n\n    <ul class=\"team-members\">\n        \n        <li class=\"team-member\">\n            <div class=\"team-member-thumbnail\">\n                                <img loading=\"lazy\" decoding=\"async\" width=\"400\" height=\"300\" src=\"https:\/\/led.li\/wp-content\/uploads\/2026\/02\/PatrikAusderAu-LED.jpg\" class=\"attachment-full size-full wp-post-image\" alt=\"L\u00e4chelnder Mann mit kurzem Haar und Bart vor hellem Hintergrund\" srcset=\"https:\/\/led.li\/wp-content\/uploads\/2026\/02\/PatrikAusderAu-LED.jpg 400w, https:\/\/led.li\/wp-content\/uploads\/2026\/02\/PatrikAusderAu-LED-300x225.jpg 300w\" sizes=\"auto, (max-width: 400px) 100vw, 400px\" \/>                            <\/div>\n            <div class=\"team-member-info\">\n                <div class=\"team-content-head\">\n                    <h3 class=\"team-member-title\">Patrik Aus der Au<\/h3>\n                                            <div class=\"mail\">\n                            <a href=\"mailto:patrik.ausderau@led.li\" class=\"team-link\" aria-label=\"E-Mail an Patrik Aus der Au\">\n                                <svg xmlns=\"http:\/\/www.w3.org\/2000\/svg\" viewBox=\"0 0 28.85 19.55\"><path d=\"M0,0V19.55H28.85V0Zm27.2.84L14.43,11.17,1.74.85ZM.85,18.71V1.23l13.58,11L28,1.31v17.4Z\" transform=\"translate(-0.01 -0.01)\"><\/path><\/svg>\n                            <\/a>\n                        <\/div>\n                                    <\/div>\n                                <p class=\"team-member-position\">Project Manager<\/p>\n                               \n                                <p class=\"team-member-phone team-link\">Tel.\n                    <a href=\"tel:+4232220978\">+423 222 09 78<\/a>                <\/p>\n                            <\/div>\n        <\/li>\n\n            <\/ul>\n<\/section>\n<\/div>\n","protected":false},"excerpt":{"rendered":"<p>Educational work in schools The LED is also involved in educational work in Liechtenstein. Employees regularly visit secondary schools and give young people in Liechtenstein an insight into specific international development cooperation projects. The aim is not only to show how projects are created and implemented, but also to raise young people&#8217;s awareness of global &#8230; <a title=\"Educational work in schools\" class=\"read-more\" href=\"https:\/\/led.li\/en\/commitment-in-liechtenstein-2\/educational-work-in-schools\/\" aria-label=\"Read more about Educational work in schools\">Read more<\/a><\/p>\n","protected":false},"author":1,"featured_media":3523,"parent":3587,"menu_order":0,"comment_status":"closed","ping_status":"closed","template":"","meta":{"_acf_changed":false,"inline_featured_image":false,"footnotes":""},"class_list":["post-3521","page","type-page","status-publish","has-post-thumbnail"],"acf":[],"_links":{"self":[{"href":"https:\/\/led.li\/en\/wp-json\/wp\/v2\/pages\/3521","targetHints":{"allow":["GET"]}}],"collection":[{"href":"https:\/\/led.li\/en\/wp-json\/wp\/v2\/pages"}],"about":[{"href":"https:\/\/led.li\/en\/wp-json\/wp\/v2\/types\/page"}],"author":[{"embeddable":true,"href":"https:\/\/led.li\/en\/wp-json\/wp\/v2\/users\/1"}],"replies":[{"embeddable":true,"href":"https:\/\/led.li\/en\/wp-json\/wp\/v2\/comments?post=3521"}],"version-history":[{"count":2,"href":"https:\/\/led.li\/en\/wp-json\/wp\/v2\/pages\/3521\/revisions"}],"predecessor-version":[{"id":3529,"href":"https:\/\/led.li\/en\/wp-json\/wp\/v2\/pages\/3521\/revisions\/3529"}],"up":[{"embeddable":true,"href":"https:\/\/led.li\/en\/wp-json\/wp\/v2\/pages\/3587"}],"wp:featuredmedia":[{"embeddable":true,"href":"https:\/\/led.li\/en\/wp-json\/wp\/v2\/media\/3523"}],"wp:attachment":[{"href":"https:\/\/led.li\/en\/wp-json\/wp\/v2\/media?parent=3521"}],"curies":[{"name":"wp","href":"https:\/\/api.w.org\/{rel}","templated":true}]}}